{"id":2568,"date":"2024-04-26T08:53:56","date_gmt":"2024-04-26T06:53:56","guid":{"rendered":"https:\/\/test.kunstgeschichte.tuwien.ac.at\/profile\/"},"modified":"2024-09-12T12:55:21","modified_gmt":"2024-09-12T10:55:21","slug":"profile","status":"publish","type":"page","link":"https:\/\/kunstgeschichte.tuwien.ac.at\/en\/profile\/","title":{"rendered":"Profile"},"content":{"rendered":"\n<h2 class=\"wp-block-heading\">Zur Geschichte des Forschungsbereichs Kunstgeschichte<\/h2>\n\n<p>Unter den kunsthistorischen Lehrst\u00fchlen im deutschen Sprachraum nimmt jener an der Technischen Universit\u00e4t Wien aus historischer Sicht eine herausragende Stellung ein. Bereits 1810 beabsichtigte der designierte Direktor Johann Joseph Prechtel am zu gr\u00fcndenden Polytechnischen Institut, wie die Technische Universit\u00e4t Wien damals hie\u00df, einen Lehrstuhl f\u00fcr die Geschichte der K\u00fcnste und Gewerbe mit dem Ziel einzurichten, die Geschmacksbildung zu f\u00f6rdern. Die erste Vorlesung des renommierten Kunsthistorikers Rudolf Eitelberger (1817-1885) mit dem schlichten wie allumfassenden Titel \u00dcber Kunstgeschichte wurde dann erst 1849\/50 abgehalten und richtete sich an Architekten und Gewerbetreibende; etwa gleichzeitig erfolgte die Institutionalisierung des Faches an der Universit\u00e4t Wien, ebenfalls unter Rudolf Eitelberger.<\/p>\n\n<p>Polytechnische Institute, wie jenes in Wien (ab 1872 Technische Hochschule Wien, ab 1975 Technische Universit\u00e4t Wien), waren bei der Begr\u00fcndung der Kunstgeschichte als akademische Wissenschaft bedeutsam. Ab 1866 wurden unter dem Arch\u00e4ologen Karl von L\u00fctzow (1932-1897) regelm\u00e4\u00dfig Vorlesungen zur Geschichte der Baukunst angeboten, eine ordentliche Professur f\u00fcr Kunstgeschichte \u00fcbertrug man ihm jedoch erst 1882. L\u00fctzow, wie sein 1899 ernannter Nachfolger Joseph Neuwirth (1855-1934), unterrichteten Allgemeine Kunstgeschichte mit besonderer Ber\u00fccksichtigung der Baukunst. Im Rahmen der technischen Ausbildung erhob die kunsthistorische Lehre einen universellen, ja bildungspolitischen Anspruch. Neuwirth regte auch die Einf\u00fchrung des Faches Denkmalpflege in der Architektenausbildung an. Der 1926 berufene Moritz Dreger (1868-1939) erweiterte das Lehrangebot um Museumsf\u00fchrungen und kunsthistorische Seminare.<\/p>\n\n<p>Die Nachbesetzung der Stelle Dregers wurde nur als au\u00dferordentliche Professur, die Karl Ginhart (1888-1971) \u00fcbernahm, bewilligt. Die Ernennung zum ordentlichen Professor 1942 stand hingegen in Zusammenhang mit Ginharts Eintritt in die NSDAP. Dem Denkmalpfleger und Vertreter einer nordisch gepr\u00e4gten \u00f6sterreichischen Kunstgeschichte gelang es, nach seiner Entnazifizierung, den Lehrstuhl von 1948 bis zu seiner Emeritierung 1960 weiterzuleiten. Eine \u00e4hnliche Gesinnung hatte das einstige NSDAP-Mitglied Walter Frodl (1908-1994), der die Lehre im Bereich der Denkmalpflege vertiefte und die Kontakte zum Bundesdenkmalamt intensivierte.<\/p>\n\n<p>Mit der Berufung von Gerold Weber (1941-2008) 1983 erfolgte eine methodische und inhaltliche \u00d6ffnung des Faches, auch im Sinne einer globalen Kunstgeschichte. Robert Stalla (geb. 1957) verst\u00e4rkte von 2004 bis 2022 die internationale und interdisziplin\u00e4re Ausrichtung des Faches und diskutierte theoretische und praktische Fragestellungen im Rahmen von Ausstellungen, Publikationen und Tagungen. 2023 \u00fcbernahm Harald R. St\u00fchlinger den Forschungsbereich Kunstgeschichte.<\/p>\n\n<p>Alle Professoren verzeichneten, neben ihrer Lehre, eine umfangreiche publizistische T\u00e4tigkeit mit einem Schwerpunkt auf der Architekturgeschichte und bezogen auch \u00f6fters zu zeitgen\u00f6ssischen Fragen der Architektur und Kunst Stellung.<\/p>\n\n<dl class=\"credits bold sans-serif font-size-20\">\n\n    \n            <dt class=\"font-size-34 serif\">\n                Text            <\/dt>\n\n            <dd>\n                Sabine Plakolm-Forsthuber            <\/dd>\n\n        \n            <dt class=\"font-size-34 serif\">\n                Recherche            <\/dt>\n\n            <dd>\n                Atreju Allahverdy            <\/dd>\n\n        \n            <dt class=\"font-size-34 serif\">\n                Literatur            <\/dt>\n\n            <dd>\n                Robert Stalla (Hrsg.), Kunstgeschichte an Polytechnischen Instituten, Technischen Hochschulen, Technischen Universit\u00e4ten. Geschichte &#8211; Positionen \u2013 Perspektiven, Wien\/K\u00f6ln \/Weimar 2021            <\/dd>\n\n        \n            <dt class=\"font-size-34 serif\">\n                Quellen            <\/dt>\n\n            <dd>\n                Archiv der Technischen Universit\u00e4t Wien \u00d6sterreichisches Staatsarchiv            <\/dd>\n\n        \n\n\n<\/dl>\n\n<ul class=\"professoren serif font-size-46\">\n\n    \n        <li>\n            <div class=\"jahre\">\n                1849-1850             <\/div>\n\n            <div class=\"name\">\n                Rudolf Eitelberger            <\/div>\n        <\/li>\n\n    \n        <li>\n            <div class=\"jahre\">\n                1867-1897            <\/div>\n\n            <div class=\"name\">\n                Karl von L\u00fctzow            <\/div>\n        <\/li>\n\n    \n        <li>\n            <div class=\"jahre\">\n                1899-1926            <\/div>\n\n            <div class=\"name\">\n                Joseph Neuwirth            <\/div>\n        <\/li>\n\n    \n        <li>\n            <div class=\"jahre\">\n                1926-1936            <\/div>\n\n            <div class=\"name\">\n                Moritz Dreger            <\/div>\n        <\/li>\n\n    \n        <li>\n            <div class=\"jahre\">\n                1936-1945, 1948-1960            <\/div>\n\n            <div class=\"name\">\n                Karl Ginhart            <\/div>\n        <\/li>\n\n    \n        <li>\n            <div class=\"jahre\">\n                1960-1979            <\/div>\n\n            <div class=\"name\">\n                Walter Frodl            <\/div>\n        <\/li>\n\n    \n        <li>\n            <div class=\"jahre\">\n                1983-2002            <\/div>\n\n            <div class=\"name\">\n                Gerold Weber            <\/div>\n        <\/li>\n\n    \n        <li>\n            <div class=\"jahre\">\n                2004-2022            <\/div>\n\n            <div class=\"name\">\n                Robert Stalla            <\/div>\n        <\/li>\n\n    \n<\/ul>\n<div class=\"gallery\"><figure class=\"landscape\"><div class=\"img-wrapper duotone\"><img decoding=\"async\" src=\"https:\/\/kunstgeschichte.tuwien.ac.at\/wp-content\/uploads\/2024\/05\/institut1.jpg\" \n                alt=\"\" \n                width=\"1380\" \n                height=\"916\" \n                sizes=\"auto, (max-width: 699px) 90vw, (max-width: 899px) 40vw, (min-width: 1600px) 500px, 30vw\" \n                srcset=\"https:\/\/kunstgeschichte.tuwien.ac.at\/wp-content\/uploads\/2024\/05\/institut1-300x199.jpg 300w, https:\/\/kunstgeschichte.tuwien.ac.at\/wp-content\/uploads\/2024\/05\/institut1-600x398.jpg 600w, https:\/\/kunstgeschichte.tuwien.ac.at\/wp-content\/uploads\/2024\/05\/institut1-900x597.jpg 900w, https:\/\/kunstgeschichte.tuwien.ac.at\/wp-content\/uploads\/2024\/05\/institut1-1200x797.jpg 1200w\" \n                loading=\"lazy\"><\/div><figcaption class=\"font-size-20\">Lorem ipsum dolor sit amet, consetetur sadipscing <\/figcaption><\/figure><figure class=\"landscape\"><div class=\"img-wrapper duotone\"><img decoding=\"async\" src=\"https:\/\/kunstgeschichte.tuwien.ac.at\/wp-content\/uploads\/2024\/07\/036ARQf_Construcao12_LBB_1.P.6_lina-e-o-mestre-canova-2_-AILBPMB-2_2-scaled-1.jpg\" \n                alt=\"\" \n                width=\"2560\" \n                height=\"2435\" \n                sizes=\"auto, (max-width: 699px) 90vw, (max-width: 899px) 40vw, (min-width: 1600px) 500px, 30vw\" \n                srcset=\"https:\/\/kunstgeschichte.tuwien.ac.at\/wp-content\/uploads\/2024\/07\/036ARQf_Construcao12_LBB_1.P.6_lina-e-o-mestre-canova-2_-AILBPMB-2_2-scaled-1.jpg 300w, https:\/\/kunstgeschichte.tuwien.ac.at\/wp-content\/uploads\/2024\/07\/036ARQf_Construcao12_LBB_1.P.6_lina-e-o-mestre-canova-2_-AILBPMB-2_2-scaled-1.jpg 600w, https:\/\/kunstgeschichte.tuwien.ac.at\/wp-content\/uploads\/2024\/07\/036ARQf_Construcao12_LBB_1.P.6_lina-e-o-mestre-canova-2_-AILBPMB-2_2-scaled-1.jpg 900w, https:\/\/kunstgeschichte.tuwien.ac.at\/wp-content\/uploads\/2024\/07\/036ARQf_Construcao12_LBB_1.P.6_lina-e-o-mestre-canova-2_-AILBPMB-2_2-scaled-1.jpg 1200w\" \n                loading=\"lazy\"><\/div><figcaption class=\"font-size-20\">Lina Bo Bardi MASP Quelle: https:\/\/institutobardi.org.br\/en\/grupo_the-founders\/04_lina-bo-bardi_en\/#gallery-51<\/figcaption><\/figure><figure class=\"landscape\"><div class=\"img-wrapper duotone\"><img decoding=\"async\" src=\"https:\/\/kunstgeschichte.tuwien.ac.at\/wp-content\/uploads\/2024\/07\/036ARQd0465_2-scaled-1.jpg\" \n                alt=\"\" \n                width=\"2560\" \n                height=\"1631\" \n                sizes=\"auto, (max-width: 699px) 90vw, (max-width: 899px) 40vw, (min-width: 1600px) 500px, 30vw\" \n                srcset=\"https:\/\/kunstgeschichte.tuwien.ac.at\/wp-content\/uploads\/2024\/07\/036ARQd0465_2-scaled-1.jpg 300w, https:\/\/kunstgeschichte.tuwien.ac.at\/wp-content\/uploads\/2024\/07\/036ARQd0465_2-scaled-1.jpg 600w, https:\/\/kunstgeschichte.tuwien.ac.at\/wp-content\/uploads\/2024\/07\/036ARQd0465_2-scaled-1.jpg 900w, https:\/\/kunstgeschichte.tuwien.ac.at\/wp-content\/uploads\/2024\/07\/036ARQd0465_2-scaled-1.jpg 1200w\" \n                loading=\"lazy\"><\/div><figcaption class=\"font-size-20\">Lina Bo Bardi Studie der MASP Quelle: https:\/\/institutobardi.org.br\/en\/grupo_the-founders\/04_lina-bo-bardi_en\/#gallery-54<\/figcaption><\/figure><figure class=\"landscape\"><div class=\"img-wrapper duotone\"><img decoding=\"async\" src=\"https:\/\/kunstgeschichte.tuwien.ac.at\/wp-content\/uploads\/2024\/07\/Lina-Bo-Bardi-testa-suporte-de-vidro-para-a-Pinacoteca-do-MASP_Lew-Parrella-1967-scaled-1.jpg\" \n                alt=\"\" \n                width=\"2560\" \n                height=\"1694\" \n                sizes=\"auto, (max-width: 699px) 90vw, (max-width: 899px) 40vw, (min-width: 1600px) 500px, 30vw\" \n                srcset=\"https:\/\/kunstgeschichte.tuwien.ac.at\/wp-content\/uploads\/2024\/07\/Lina-Bo-Bardi-testa-suporte-de-vidro-para-a-Pinacoteca-do-MASP_Lew-Parrella-1967-scaled-1.jpg 300w, https:\/\/kunstgeschichte.tuwien.ac.at\/wp-content\/uploads\/2024\/07\/Lina-Bo-Bardi-testa-suporte-de-vidro-para-a-Pinacoteca-do-MASP_Lew-Parrella-1967-scaled-1.jpg 600w, https:\/\/kunstgeschichte.tuwien.ac.at\/wp-content\/uploads\/2024\/07\/Lina-Bo-Bardi-testa-suporte-de-vidro-para-a-Pinacoteca-do-MASP_Lew-Parrella-1967-scaled-1.jpg 900w, https:\/\/kunstgeschichte.tuwien.ac.at\/wp-content\/uploads\/2024\/07\/Lina-Bo-Bardi-testa-suporte-de-vidro-para-a-Pinacoteca-do-MASP_Lew-Parrella-1967-scaled-1.jpg 1200w\" \n                loading=\"lazy\"><\/div><figcaption class=\"font-size-20\">Lina Bo Bardi, 1967. MASP Quelle: https:\/\/institutobardi.org.br\/en\/grupo_the-founders\/04_lina-bo-bardi_en\/#gallery-59 Photo: Lew Parrella<\/figcaption><\/figure><\/div>\n<h2 class=\"wp-block-heading\">Selbstverst\u00e4ndnis und Zukunft<\/h2>\n\n<p class=\"eingerueckt\">Die Frage nach der Kunst und nach der Geschichte bestimmt das Selbstverst\u00e4ndnis des Forschungsbereichs Kunstgeschichte an der Fakult\u00e4t Architektur der TU Wien. Kunst wird an unserem Forschungsbereich umfassend und erweitert verstanden. Geschichte sehen wir nicht als ein starres Konstrukt, das vor einigen Jahrzehnten endete, sondern als nicht abgeschlossene \u00c4ra, die unabl\u00e4ssig und gleichermassen auf unsere Gegenwart wie auch auf die Zukunft wirkt.<br\/><br\/>Das Team des Forschungsbereiches Kunstgeschichte an der TU-Wien wirkt durch seine mannigfachen wissenschaftlichen T\u00e4tigkeitsbereiche in die Wiener Stadtgesellschaft, verankert die Disziplin Kunstgeschichte mit einem Schwerpunkt auf Architekturgeschichte in der Bildungslandschaft von Wien und \u00d6sterreich und tr\u00e4gt bei zum nationalen und internationalen architektur- sowie kunsthistorischen Diskurs.<br\/><br\/>Kunstgeschichte umfasste, als sie im 19. Jahrhundert als wissenschaftliche Disziplin gegr\u00fcndet wurde, die Gattungen Architektur, Malerei und Skulptur. Inzwischen sind andere Kunstgattungen hinzugekommen und es werden wohl noch einige folgen. Die Mitarbeiter:innen am Forschungsbereich Kunstgeschichte \u00fcberwinden in ihrer Arbeit Grenzen zu nahen und fernen wissenschaftlichen Disziplinen und denken, arbeiten und lehren holistisch sowie transdisziplin\u00e4r.<br\/><br\/>Neben dem stets erweiternden Korpus der Werke der \u00abMeister:innen\u00bb richtet sich der Blick auf jene, die in deren Folge stehen und standen oder auf jene, die nicht Teil des Kanons sind. Den dr\u00e4ngenden Fragen der Zeit Rechnung tragend, zielen die Themen auf das Verh\u00e4ltnis von historischen Werken (Kunstwerke, Bauten, Infrastrukturen etc.) und deren zukunftsf\u00e4higen Weiterbestands, ganz im Sinne der Diskussionen um Ressourcenschonung, Klimakrise und Identit\u00e4tsstiftung. Das Heute verstehen durch die Geschichte.<\/p>\n\n<h2 class=\"wp-block-heading\">Teaching<\/h2>\n\n<p>Im Forschungsbereich Kunstgeschichte wird den Studierenden der Architektur fachliches, methodisches und auch sensorisches Wissen \u00fcber die bildenden Werke aus der Geschichte mitgegeben. Neben der Wissensvermittlung legen wir besonderen Wert auf die Entwicklung eines umfassenden Sensoriums. Kunstgeschichte als Schule des Sehens. Und in der Anschauung von originalen Objekten \u2013 ausserhalb des H\u00f6rsaals \u2013 ein sinnliches Erfahren der Haptik von Oberfl\u00e4chen, der Vielfalt der Materialien wie auch akustischer Situationen. Dies alles vor dem Hintergrund der Einbettung der Werke in einen historischen Kontext, deren Entstehung und Rezeption im Laufe der Zeit sowie deren Pr\u00e4senz und Wirkung im Heute. Kunstgeschichte als Hinwendung zum Objekt.<br\/>Einen Schwerpunkt bildet die Kunstgeschichte Europas. In der Hauptvorlesung \u00abArchitektur- und Kunstgeschichte\u00bb sowie in zus\u00e4tzlichen Lehrgef\u00e4ssen wird der Blick auf das k\u00fcnstlerische Schaffen ausserhalb Europas gelenkt.<br\/><br\/>Insgesamt tr\u00e4gt der Forschungsbereich Kunstgeschichte dazu bei, dass Absolvent:innen des Architekturstudiums bef\u00e4higt sind, sich einen kritischen Umgang mit Sachverhalten anzueignen und damit eine eigene Haltung und Meinung zu entwickeln. F\u00fcr das Leben nach der universit\u00e4ren Ausbildung legen wir die notwendigen Grundlagen und geben Werkzeuge an die Hand, damit unsere Studierenden sp\u00e4ter in unterschiedlichen Bereichen der Berufswelt zu bestehen verm\u00f6gen. Kunstgeschichte als Baustein f\u00fcr ein sinnvolles Leben.<\/p>\n<div class=\"outer-group\"><div class=\"inner-group\">\n<h2 class=\"wp-block-heading\">Research<\/h2>\n\n<p>Wir verstehen das Stellen von Fragen in unserem Forschungsbereich als wesentliche Aufgabe, um auf die dr\u00e4ngenden Herausforderungen, die uns die derzeitigen Krisen stellen, zu reagieren und zu reflektieren sowie einen substantiellen Beitrag f\u00fcr eine tragf\u00e4hige Zukunft zu leisten.<\/p>\n\n<p>Der Forschungsbereich Kunstgeschichte stellt sich die Aufgabe in einer Stadt zahlreicher herausragender historischer Architektur einen Schwerpunkt auf die Erforschung bisher unber\u00fccksichtigter Felder zu legen. Wie es auch darum geht, schmerzliche L\u00fccken innerhalb der Architektur- und Kunstgeschichtsforschung, sei dies lokal, regional oder national zu schliessen.<br\/>Forschung verstehen wir als Chance im nationalen und internationalen fachlichen Diskurs geh\u00f6rt zu werden und sichtbar zu sein. Dar\u00fcber hinaus stehen wir als kompetenter und verl\u00e4sslicher Partner f\u00fcr Fragen der historischen Artefakte und Bauten bereit mitzuwirken an der Arbeit f\u00fcr die Zukunft mit dem Wissen um die Vergangenheit.<br\/>Kunstgeschichte f\u00fcr Bewusstseinsbildung <\/p>\n<\/div><figure class=\"portrait\"><div class=\"img-wrapper duotone\"><img decoding=\"async\" src=\"https:\/\/kunstgeschichte.tuwien.ac.at\/wp-content\/uploads\/2024\/04\/306d84ea4cbd7152fb7ed5028b691f10e9243e49.png\" \n                alt=\"\" \n                width=\"924\" \n                height=\"1590\" \n                sizes=\"auto, (max-width: 699px) 90vw, (max-width: 899px) 40vw, (min-width: 1600px) 500px, 30vw\" \n                srcset=\"https:\/\/kunstgeschichte.tuwien.ac.at\/wp-content\/uploads\/2024\/04\/306d84ea4cbd7152fb7ed5028b691f10e9243e49-300x516.png 300w, https:\/\/kunstgeschichte.tuwien.ac.at\/wp-content\/uploads\/2024\/04\/306d84ea4cbd7152fb7ed5028b691f10e9243e49-600x1032.png 600w, https:\/\/kunstgeschichte.tuwien.ac.at\/wp-content\/uploads\/2024\/04\/306d84ea4cbd7152fb7ed5028b691f10e9243e49-900x1549.png 900w, https:\/\/kunstgeschichte.tuwien.ac.at\/wp-content\/uploads\/2024\/04\/306d84ea4cbd7152fb7ed5028b691f10e9243e49.png 1200w\" \n                loading=\"lazy\"><\/div><figcaption class=\"font-size-20\">Lorem ipsum dolor sit amet, consetetur sadipscing<\/figcaption><\/figure><\/div>\n<p><\/p>\n","protected":false},"excerpt":{"rendered":"<p>Zur Geschichte des Forschungsbereichs Kunstgeschichte Unter den kunsthistorischen Lehrst\u00fchlen im deutschen Sprachraum nimmt jener an der Technischen Universit\u00e4t Wien aus historischer Sicht eine herausragende Stellung ein. Bereits 1810 beabsichtigte der designierte Direktor Johann Joseph Prechtel am zu gr\u00fcndenden Polytechnischen Institut, wie die Technische Universit\u00e4t Wien damals hie\u00df, einen Lehrstuhl f\u00fcr die Geschichte der K\u00fcnste und [&hellip;]<\/p>\n","protected":false},"author":2,"featured_media":0,"parent":0,"menu_order":0,"comment_status":"closed","ping_status":"closed","template":"page-profil.php","meta":{"_acf_changed":false,"footnotes":""},"class_list":["post-2568","page","type-page","status-publish","hentry"],"acf":[],"_links":{"self":[{"href":"https:\/\/kunstgeschichte.tuwien.ac.at\/en\/wp-json\/wp\/v2\/pages\/2568","targetHints":{"allow":["GET"]}}],"collection":[{"href":"https:\/\/kunstgeschichte.tuwien.ac.at\/en\/wp-json\/wp\/v2\/pages"}],"about":[{"href":"https:\/\/kunstgeschichte.tuwien.ac.at\/en\/wp-json\/wp\/v2\/types\/page"}],"author":[{"embeddable":true,"href":"https:\/\/kunstgeschichte.tuwien.ac.at\/en\/wp-json\/wp\/v2\/users\/2"}],"replies":[{"embeddable":true,"href":"https:\/\/kunstgeschichte.tuwien.ac.at\/en\/wp-json\/wp\/v2\/comments?post=2568"}],"version-history":[{"count":7,"href":"https:\/\/kunstgeschichte.tuwien.ac.at\/en\/wp-json\/wp\/v2\/pages\/2568\/revisions"}],"predecessor-version":[{"id":2734,"href":"https:\/\/kunstgeschichte.tuwien.ac.at\/en\/wp-json\/wp\/v2\/pages\/2568\/revisions\/2734"}],"wp:attachment":[{"href":"https:\/\/kunstgeschichte.tuwien.ac.at\/en\/wp-json\/wp\/v2\/media?parent=2568"}],"curies":[{"name":"wp","href":"https:\/\/api.w.org\/{rel}","templated":true}]}}