{"id":2589,"date":"2024-04-26T08:29:30","date_gmt":"2024-04-26T06:29:30","guid":{"rendered":"https:\/\/test.kunstgeschichte.tuwien.ac.at\/imprint\/"},"modified":"2024-08-29T16:26:27","modified_gmt":"2024-08-29T14:26:27","slug":"imprint","status":"publish","type":"page","link":"https:\/\/kunstgeschichte.tuwien.ac.at\/en\/imprint\/","title":{"rendered":"Imprint"},"content":{"rendered":"\n<h2 class=\"wp-block-heading\">Medieninhaber<br\/>(Offenlegung gem\u00e4\u00df \u00a7 25 Mediengesetz)<\/h2>\n\n<p>Technische Universit\u00e4t Wien<br\/>Institut f\u00fcr Kunstgeschichte, Bauforschung und Denkmalpflege<br\/>E251-03 Forschungsbereich Kunstgeschichte<br\/>Karlsplatz 13, Stiege 3, 3. Stock<br\/>1040 Wien<\/p>\n\n<p>Tel.: +43 1 58801-25702<br\/>Email: <a href=\"mailto:kunstgeschichte@tuwien.ac.at\">kunstgeschichte@tuwien.ac.at<\/a><br\/>Web: <a href=\"http:\/\/www.kunstgeschichte.tuwien.ac.at\" target=\"_blank\" rel=\"noreferrer noopener\">http:\/\/www.kunstgeschichte.tuwien.ac.at<\/a><br\/>DVR: 0005886<\/p>\n\n<h2 class=\"wp-block-heading\">Grafische Gestaltung<\/h2>\n\n<p><a href=\"https:\/\/seitezwei.com\" target=\"_blank\" rel=\"noreferrer noopener\">seite zwei<\/a><\/p>\n\n<h2 class=\"wp-block-heading\">Programmierung<\/h2>\n\n<p><a href=\"https:\/\/oliverspies.dev\" target=\"_blank\" rel=\"noreferrer noopener\">Oliver Spies<\/a><\/p>\n\n<h2 class=\"wp-block-heading\">Web Admin<\/h2>\n\n<p>Wolfgang Streic<\/p>\n\n<h2 class=\"wp-block-heading\">Grundlegende Richtung<\/h2>\n\n<p>Bei dieser Website handelt es sich um den Internetauftritt des Forschungsbereichs Kunstgeschichte des Instituts Kunstgeschichte, Bauforschung und Denkmalpflege der Fakult\u00e4t f\u00fcr Architektur und Raumplanung an der Technischen Universit\u00e4t Wien. Diese Website informiert \u00fcber das Lehr- und Forschungsangebot sowie \u00fcber Neuigkeiten des Fachbereichs.<\/p>\n\n<h2 class=\"wp-block-heading\">Datenschutz<\/h2>\n\n<p><a href=\"https:\/\/www.tuwien.ac.at\/fileadmin\/t\/ukanzlei\/Datenschutzerklaerung_Websites.pdf\" target=\"_blank\" rel=\"noreferrer noopener\">Datenschutzerkl\u00e4rung der Technischen Universit\u00e4t Wien \u2014 Websites<\/a><\/p>\n\n<h2 class=\"wp-block-heading\">Rechtliche Informationen<\/h2>\n\n<h3 class=\"wp-block-heading\">1. Inhalt des Onlineangebotes<\/h3>\n\n<p>Der Medieninhaber \u00fcbernimmt keinerlei Gew\u00e4hr f\u00fcr die Aktualit\u00e4t, Korrektheit, Vollst\u00e4ndigkeit oder Qualit\u00e4t der bereitgestellten Informationen. Haftungsanspr\u00fcche gegen den Medieninhaber, welche sich auf Sch\u00e4den materieller oder ideeller Art beziehen, die durch die Nutzung oder Nichtnutzung der dargebotenen Informationen bzw. durch die Nutzung fehlerhafter und unvollst\u00e4ndiger Informationen verursacht wurden, sind grunds\u00e4tzlich ausgeschlossen, sofern seitens des Medieninhabers kein nachweislich vors\u00e4tzliches oder grob fahrl\u00e4ssiges Verschulden vorliegt. Alle Angebote sind freibleibend und unverbindlich. Der Medieninhaber beh\u00e4lt es sich ausdr\u00fccklich vor, Teile der Seiten oder das gesamte Angebot ohne gesonderte Ank\u00fcndigung zu ver\u00e4ndern, zu erg\u00e4nzen, zu l\u00f6schen oder die Ver\u00f6ffentlichung zeitweise oder endg\u00fcltig einzustellen.<\/p>\n\n<h3 class=\"wp-block-heading\">2. Verweise und Links<\/h3>\n\n<p>Bei direkten oder indirekten Verweisen auf fremde Internetseiten (\u201eLinks\u201c), die au\u00dferhalb des Verantwortungsbereiches des Medieninhabers liegen, w\u00fcrde eine Haftungsverpflichtung ausschlie\u00dflich in dem Fall in Kraft treten, in dem der Medieninhaber von den Inhalten Kenntnis hat und es ihm technisch m\u00f6glich und zumutbar w\u00e4re, die Nutzung im Falle rechtswidriger Inhalte zu verhindern.<\/p>\n\n<h3 class=\"wp-block-heading\">3. Urheber- und Kennzeichenrecht<\/h3>\n\n<p>Alle hier ver\u00f6ffentlichten Inhalte, Strukturen und Konzepte genie\u00dfen nach dem \u00f6sterreichischen UrhG (Bundesgesetz \u00fcber das Urheberrecht an Werken der Literatur und der Kunst und \u00fcber verwandte Schutzrechte, BGBl. 1936\/111 idgF), insb. gem\u00e4\u00df den \u00a7\u00a7 40a ff. leg. cit., urheberrechtlichen Schutz. Jegliche Nutzung der Inhalte f\u00fcr \u00f6ffentliche oder kommerzielle Zwecke bedarf ausnahmslos der vorherigen, ausdr\u00fccklichen, schriftlichen Zustimmung des Medieninhabers.<\/p>\n\n<h3 class=\"wp-block-heading\">4. Rechtswirksamkeit dieses Haftungsausschlusses<\/h3>\n\n<p>Dieser Haftungsausschluss ist als Teil des Internetangebotes zu betrachten, von dem aus auf diese Seite verwiesen wurde. Sofern Teile oder einzelne Formulierungen dieses Textes der geltenden Rechtslage nicht, nicht mehr oder nicht vollst\u00e4ndig entsprechen sollten, bleiben die \u00fcbrigen Teile des Dokumentes in ihrem Inhalt und ihrer G\u00fcltigkeit davon unber\u00fchrt.<\/p>\n","protected":false},"excerpt":{"rendered":"<p>Medieninhaber(Offenlegung gem\u00e4\u00df \u00a7 25 Mediengesetz) Technische Universit\u00e4t WienInstitut f\u00fcr Kunstgeschichte, Bauforschung und DenkmalpflegeE251-03 Forschungsbereich KunstgeschichteKarlsplatz 13, Stiege 3, 3. Stock1040 Wien Tel.: +43 1 58801-25702Email: kunstgeschichte@tuwien.ac.atWeb: http:\/\/www.kunstgeschichte.tuwien.ac.atDVR: 0005886 Grafische Gestaltung seite zwei Programmierung Oliver Spies Web Admin Wolfgang Streic Grundlegende Richtung Bei dieser Website handelt es sich um den Internetauftritt des Forschungsbereichs Kunstgeschichte des Instituts [&hellip;]<\/p>\n","protected":false},"author":2,"featured_media":0,"parent":0,"menu_order":0,"comment_status":"closed","ping_status":"closed","template":"","meta":{"_acf_changed":false,"footnotes":""},"class_list":["post-2589","page","type-page","status-publish","hentry"],"acf":[],"_links":{"self":[{"href":"https:\/\/kunstgeschichte.tuwien.ac.at\/en\/wp-json\/wp\/v2\/pages\/2589","targetHints":{"allow":["GET"]}}],"collection":[{"href":"https:\/\/kunstgeschichte.tuwien.ac.at\/en\/wp-json\/wp\/v2\/pages"}],"about":[{"href":"https:\/\/kunstgeschichte.tuwien.ac.at\/en\/wp-json\/wp\/v2\/types\/page"}],"author":[{"embeddable":true,"href":"https:\/\/kunstgeschichte.tuwien.ac.at\/en\/wp-json\/wp\/v2\/users\/2"}],"replies":[{"embeddable":true,"href":"https:\/\/kunstgeschichte.tuwien.ac.at\/en\/wp-json\/wp\/v2\/comments?post=2589"}],"version-history":[{"count":4,"href":"https:\/\/kunstgeschichte.tuwien.ac.at\/en\/wp-json\/wp\/v2\/pages\/2589\/revisions"}],"predecessor-version":[{"id":2721,"href":"https:\/\/kunstgeschichte.tuwien.ac.at\/en\/wp-json\/wp\/v2\/pages\/2589\/revisions\/2721"}],"wp:attachment":[{"href":"https:\/\/kunstgeschichte.tuwien.ac.at\/en\/wp-json\/wp\/v2\/media?parent=2589"}],"curies":[{"name":"wp","href":"https:\/\/api.w.org\/{rel}","templated":true}]}}